{"id":8994,"date":"2024-06-18T11:32:00","date_gmt":"2024-06-18T09:32:00","guid":{"rendered":"https:\/\/www.alfons-alfreda.com\/2024\/?page_id=8994"},"modified":"2025-10-13T10:06:06","modified_gmt":"2025-10-13T08:06:06","slug":"about-us","status":"publish","type":"page","link":"https:\/\/www.alfons-alfreda.com\/en\/about-us\/","title":{"rendered":"\u00dcber uns"},"content":{"rendered":"<div data-elementor-type=\"wp-page\" data-elementor-id=\"8994\" class=\"elementor elementor-8994\" data-elementor-post-type=\"page\">\n\t\t\t\t<div class=\"elementor-element elementor-element-cb37079 e-con-full e-flex e-con e-parent\" data-id=\"cb37079\" data-element_type=\"container\" data-e-type=\"container\" data-settings=\"{&quot;background_background&quot;:&quot;classic&quot;}\">\n\t\t<div class=\"elementor-element elementor-element-8de6f0e e-con-full e-flex e-con e-child\" data-id=\"8de6f0e\" data-element_type=\"container\" data-e-type=\"container\" data-settings=\"{&quot;background_background&quot;:&quot;classic&quot;}\">\n\t\t\t\t<\/div>\n\t\t\t\t<\/div>\n\t\t<div class=\"elementor-element elementor-element-db97e4f e-flex e-con-boxed e-con e-parent\" data-id=\"db97e4f\" data-element_type=\"container\" data-e-type=\"container\">\n\t\t\t\t\t<div class=\"e-con-inner\">\n\t\t<div class=\"elementor-element elementor-element-5b60c24 e-con-full hover_parent e-flex e-con e-child\" data-id=\"5b60c24\" data-element_type=\"container\" data-e-type=\"container\">\n\t\t<div class=\"elementor-element elementor-element-fead283 e-con-full e-flex e-con e-child\" data-id=\"fead283\" data-element_type=\"container\" data-e-type=\"container\">\n\t\t\t\t<div class=\"elementor-element elementor-element-7ff95b4 elementor-widget elementor-widget-heading\" data-id=\"7ff95b4\" data-element_type=\"widget\" data-e-type=\"widget\" data-widget_type=\"heading.default\">\n\t\t\t\t<div class=\"elementor-widget-container\">\n\t\t\t\t\t<h2 class=\"elementor-heading-title elementor-size-default\">What drives us\n<\/h2>\t\t\t\t<\/div>\n\t\t\t\t<\/div>\n\t\t\t\t<div class=\"elementor-element elementor-element-7b12c65 elementor-widget elementor-widget-spacer\" data-id=\"7b12c65\" data-element_type=\"widget\" data-e-type=\"widget\" data-widget_type=\"spacer.default\">\n\t\t\t\t<div class=\"elementor-widget-container\">\n\t\t\t\t\t\t\t<div class=\"elementor-spacer\">\n\t\t\t<div class=\"elementor-spacer-inner\"><\/div>\n\t\t<\/div>\n\t\t\t\t\t\t<\/div>\n\t\t\t\t<\/div>\n\t\t\t\t<div class=\"elementor-element elementor-element-8508579 elementor-widget elementor-widget-text-editor\" data-id=\"8508579\" data-element_type=\"widget\" data-e-type=\"widget\" data-widget_type=\"text-editor.default\">\n\t\t\t\t<div class=\"elementor-widget-container\">\n\t\t\t\t\t\t\t\t\t<p><em><strong>Our credo can best be described as the cultural guiding star of the late 18th century: The True, the Good, and the&nbsp;Beautiful.<br \/><br \/><\/strong><\/em>When it comes to these three aspects, the question of a project's long-term relevance plays a central role for us: only projects that focus on the essentials \u2013 the impact and well-being of the people involved and their environment \u2013 are right (the True). Projects bring joy by fulfilling these criteria and touch people emotionally (the Good). And only projects that bring joy can truly be Beautiful.<\/p>\t\t\t\t\t\t\t\t<\/div>\n\t\t\t\t<\/div>\n\t\t\t\t<div class=\"elementor-element elementor-element-7670a2a elementor-widget elementor-widget-spacer\" data-id=\"7670a2a\" data-element_type=\"widget\" data-e-type=\"widget\" data-widget_type=\"spacer.default\">\n\t\t\t\t<div class=\"elementor-widget-container\">\n\t\t\t\t\t\t\t<div class=\"elementor-spacer\">\n\t\t\t<div class=\"elementor-spacer-inner\"><\/div>\n\t\t<\/div>\n\t\t\t\t\t\t<\/div>\n\t\t\t\t<\/div>\n\t\t\t\t<\/div>\n\t\t<div class=\"elementor-element elementor-element-5a3c477 e-con-full e-flex e-con e-child\" data-id=\"5a3c477\" data-element_type=\"container\" data-e-type=\"container\">\n\t\t\t\t<div class=\"elementor-element elementor-element-fd474c1 hover_img elementor-widget elementor-widget-image\" data-id=\"fd474c1\" data-element_type=\"widget\" data-e-type=\"widget\" data-widget_type=\"image.default\">\n\t\t\t\t<div class=\"elementor-widget-container\">\n\t\t\t\t\t\t\t\t\t\t\t\t\t\t\t<img fetchpriority=\"high\" decoding=\"async\" width=\"1500\" height=\"1500\" src=\"https:\/\/www.alfons-alfreda.com\/wp-content\/uploads\/2024\/06\/ueber_uns_1.jpg\" class=\"attachment-large size-large wp-image-9154\" alt=\"\" srcset=\"https:\/\/www.alfons-alfreda.com\/wp-content\/uploads\/2024\/06\/ueber_uns_1.jpg 1500w, https:\/\/www.alfons-alfreda.com\/wp-content\/uploads\/2024\/06\/ueber_uns_1-1024x1024.jpg 1024w, https:\/\/www.alfons-alfreda.com\/wp-content\/uploads\/2024\/06\/ueber_uns_1-300x300.jpg 300w, https:\/\/www.alfons-alfreda.com\/wp-content\/uploads\/2024\/06\/ueber_uns_1-768x768.jpg 768w, https:\/\/www.alfons-alfreda.com\/wp-content\/uploads\/2024\/06\/ueber_uns_1-12x12.jpg 12w\" sizes=\"(max-width: 1500px) 100vw, 1500px\" style=\"width:100%;height:100%;max-width:1500px\" \/>\t\t\t\t\t\t\t\t\t\t\t\t\t\t\t<\/div>\n\t\t\t\t<\/div>\n\t\t\t\t<\/div>\n\t\t\t\t<\/div>\n\t\t\t\t\t<\/div>\n\t\t\t\t<\/div>\n\t\t<div class=\"elementor-element elementor-element-5514cb7 e-flex e-con-boxed e-con e-parent\" data-id=\"5514cb7\" data-element_type=\"container\" data-e-type=\"container\" data-settings=\"{&quot;background_background&quot;:&quot;classic&quot;}\">\n\t\t\t\t\t<div class=\"e-con-inner\">\n\t\t<div class=\"elementor-element elementor-element-fc32e92 e-con-full e-flex e-con e-child\" data-id=\"fc32e92\" data-element_type=\"container\" data-e-type=\"container\">\n\t\t\t\t<div class=\"elementor-element elementor-element-c346922 elementor-widget elementor-widget-heading\" data-id=\"c346922\" data-element_type=\"widget\" data-e-type=\"widget\" data-widget_type=\"heading.default\">\n\t\t\t\t<div class=\"elementor-widget-container\">\n\t\t\t\t\t<h2 class=\"elementor-heading-title elementor-size-default\">Who is Alfons &amp; alfreda<\/h2>\t\t\t\t<\/div>\n\t\t\t\t<\/div>\n\t\t\t\t<div class=\"elementor-element elementor-element-b505b0b elementor-widget elementor-widget-spacer\" data-id=\"b505b0b\" data-element_type=\"widget\" data-e-type=\"widget\" data-widget_type=\"spacer.default\">\n\t\t\t\t<div class=\"elementor-widget-container\">\n\t\t\t\t\t\t\t<div class=\"elementor-spacer\">\n\t\t\t<div class=\"elementor-spacer-inner\"><\/div>\n\t\t<\/div>\n\t\t\t\t\t\t<\/div>\n\t\t\t\t<\/div>\n\t\t\t\t<div class=\"elementor-element elementor-element-754daab elementor-widget elementor-widget-heading\" data-id=\"754daab\" data-element_type=\"widget\" data-e-type=\"widget\" data-widget_type=\"heading.default\">\n\t\t\t\t<div class=\"elementor-widget-container\">\n\t\t\t\t\t<h2 class=\"elementor-heading-title elementor-size-default\">REAL ESTATE PROJECT DEVELOPER<\/h2>\t\t\t\t<\/div>\n\t\t\t\t<\/div>\n\t\t\t\t<\/div>\n\t\t<div class=\"elementor-element elementor-element-b5a98e9 e-con-full e-flex e-con e-child\" data-id=\"b5a98e9\" data-element_type=\"container\" data-e-type=\"container\">\n\t\t\t\t<div class=\"elementor-element elementor-element-19039c5 elementor-widget elementor-widget-spacer\" data-id=\"19039c5\" data-element_type=\"widget\" data-e-type=\"widget\" data-widget_type=\"spacer.default\">\n\t\t\t\t<div class=\"elementor-widget-container\">\n\t\t\t\t\t\t\t<div class=\"elementor-spacer\">\n\t\t\t<div class=\"elementor-spacer-inner\"><\/div>\n\t\t<\/div>\n\t\t\t\t\t\t<\/div>\n\t\t\t\t<\/div>\n\t\t\t\t<div class=\"elementor-element elementor-element-a03316c elementor-widget elementor-widget-text-editor\" data-id=\"a03316c\" data-element_type=\"widget\" data-e-type=\"widget\" data-widget_type=\"text-editor.default\">\n\t\t\t\t<div class=\"elementor-widget-container\">\n\t\t\t\t\t\t\t\t\t<p>We are a dynamic company with a passionate commitment to creating outstanding properties of the highest individual quality. Headquartered in D\u00fcsseldorf, the company realizes new construction projects and revitalizes existing properties in locations with a promising future.<\/p>\t\t\t\t\t\t\t\t<\/div>\n\t\t\t\t<\/div>\n\t\t\t\t<div class=\"elementor-element elementor-element-b808f9a elementor-widget elementor-widget-spacer\" data-id=\"b808f9a\" data-element_type=\"widget\" data-e-type=\"widget\" data-widget_type=\"spacer.default\">\n\t\t\t\t<div class=\"elementor-widget-container\">\n\t\t\t\t\t\t\t<div class=\"elementor-spacer\">\n\t\t\t<div class=\"elementor-spacer-inner\"><\/div>\n\t\t<\/div>\n\t\t\t\t\t\t<\/div>\n\t\t\t\t<\/div>\n\t\t\t\t<\/div>\n\t\t\t\t\t<\/div>\n\t\t\t\t<\/div>\n\t\t<div class=\"elementor-element elementor-element-b5b3840 e-flex e-con-boxed e-con e-parent\" data-id=\"b5b3840\" data-element_type=\"container\" data-e-type=\"container\" data-settings=\"{&quot;background_background&quot;:&quot;classic&quot;}\">\n\t\t\t\t\t<div class=\"e-con-inner\">\n\t\t<div class=\"elementor-element elementor-element-6b0c7bc e-con-full e-flex e-con e-child\" data-id=\"6b0c7bc\" data-element_type=\"container\" data-e-type=\"container\">\n\t\t\t\t<div class=\"elementor-element elementor-element-779da80 elementor-headline--style-rotate elementor-widget elementor-widget-animated-headline\" data-id=\"779da80\" data-element_type=\"widget\" data-e-type=\"widget\" data-settings=\"{&quot;headline_style&quot;:&quot;rotate&quot;,&quot;animation_type&quot;:&quot;drop-in&quot;,&quot;rotating_text&quot;:&quot;Wir schaffen herausragende Immobilien in &lt;nobr&gt;guten Lagen&lt;\\\/nobr&gt;.\\nWir identifizieren und realisieren Potenziale.\\nWir revitalisieren Bestehendes und entwickeln neu.\\nWir sorgen f\\u00fcr echten, langfristigen Mehrwert durch unsere Vorhaben.\\nWir stehen f\\u00fcr mehrdimensionale, langfristige Entwicklungs\\u00adans\\u00e4tze.\\nWir \\u00fcbernehmen Verantwortung und ver\\u00e4ndern die Welt.&quot;,&quot;rotate_iteration_delay&quot;:5000,&quot;loop&quot;:&quot;yes&quot;}\" data-widget_type=\"animated-headline.default\">\n\t\t\t\t<div class=\"elementor-widget-container\">\n\t\t\t\t\t\t\t<h3 class=\"elementor-headline elementor-headline-animation-type-drop-in\">\n\t\t\t\t<span class=\"elementor-headline-dynamic-wrapper elementor-headline-text-wrapper\">\n\t\t\t\t\t<span class=\"elementor-headline-dynamic-text elementor-headline-text-active\">\n\t\t\t\tWe create outstanding properties&nbsp;<nobr>in good locations<\/nobr>.\t\t\t<\/span>\n\t\t\t\t\t<span class=\"elementor-headline-dynamic-text\">\n\t\t\t\tWe identify and realize potential.\t\t\t<\/span>\n\t\t\t\t\t<span class=\"elementor-headline-dynamic-text\">\n\t\t\t\tWe revitalize existing properties and develop new ones.\t\t\t<\/span>\n\t\t\t\t\t<span class=\"elementor-headline-dynamic-text\">\n\t\t\t\tWe ensure genuine, long-term added value through our projects.\t\t\t<\/span>\n\t\t\t\t\t<span class=\"elementor-headline-dynamic-text\">\n\t\t\t\tWe stand for multidimensional, long-term development approaches.\t\t\t<\/span>\n\t\t\t\t\t<span class=\"elementor-headline-dynamic-text\">\n\t\t\t\tWe take responsibility and change the world.\t\t\t<\/span>\n\t\t\t\t\t\t<\/span>\n\t\t\t\t<\/h3>\n\t\t\t\t\t\t<\/div>\n\t\t\t\t<\/div>\n\t\t\t\t<\/div>\n\t\t\t\t\t<\/div>\n\t\t\t\t<\/div>\n\t\t<div class=\"elementor-element elementor-element-dcfc813 e-flex e-con-boxed e-con e-parent\" data-id=\"dcfc813\" data-element_type=\"container\" data-e-type=\"container\" data-settings=\"{&quot;background_background&quot;:&quot;classic&quot;}\">\n\t\t\t\t\t<div class=\"e-con-inner\">\n\t\t<div class=\"elementor-element elementor-element-142a09f e-con-full e-flex e-con e-child\" data-id=\"142a09f\" data-element_type=\"container\" data-e-type=\"container\">\n\t\t\t\t<div class=\"elementor-element elementor-element-86f0183 elementor-widget elementor-widget-spacer\" data-id=\"86f0183\" data-element_type=\"widget\" data-e-type=\"widget\" data-widget_type=\"spacer.default\">\n\t\t\t\t<div class=\"elementor-widget-container\">\n\t\t\t\t\t\t\t<div class=\"elementor-spacer\">\n\t\t\t<div class=\"elementor-spacer-inner\"><\/div>\n\t\t<\/div>\n\t\t\t\t\t\t<\/div>\n\t\t\t\t<\/div>\n\t\t\t\t<div class=\"elementor-element elementor-element-617934b elementor-hidden-mobile elementor-widget elementor-widget-heading\" data-id=\"617934b\" data-element_type=\"widget\" data-e-type=\"widget\" data-widget_type=\"heading.default\">\n\t\t\t\t<div class=\"elementor-widget-container\">\n\t\t\t\t\t<h2 class=\"elementor-heading-title elementor-size-default\">\u201cALWAYS IN VIEW: SUSTAINABLE,<br>LONG-TERM VALUE CREATION.\u201d<\/h2>\t\t\t\t<\/div>\n\t\t\t\t<\/div>\n\t\t\t\t<div class=\"elementor-element elementor-element-f6bffc4 elementor-hidden-desktop elementor-hidden-tablet elementor-widget elementor-widget-heading\" data-id=\"f6bffc4\" data-element_type=\"widget\" data-e-type=\"widget\" data-widget_type=\"heading.default\">\n\t\t\t\t<div class=\"elementor-widget-container\">\n\t\t\t\t\t<h2 class=\"elementor-heading-title elementor-size-default\">\u201eImmer im Blick: die&nbsp;nachhaltige, langfristige Wertsch\u00f6pfung.\u201c<\/h2>\t\t\t\t<\/div>\n\t\t\t\t<\/div>\n\t\t\t\t<div class=\"elementor-element elementor-element-fdbbaa3 elementor-widget elementor-widget-spacer\" data-id=\"fdbbaa3\" data-element_type=\"widget\" data-e-type=\"widget\" data-widget_type=\"spacer.default\">\n\t\t\t\t<div class=\"elementor-widget-container\">\n\t\t\t\t\t\t\t<div class=\"elementor-spacer\">\n\t\t\t<div class=\"elementor-spacer-inner\"><\/div>\n\t\t<\/div>\n\t\t\t\t\t\t<\/div>\n\t\t\t\t<\/div>\n\t\t\t\t<\/div>\n\t\t<div class=\"elementor-element elementor-element-45642a3 e-con-full e-flex e-con e-child\" data-id=\"45642a3\" data-element_type=\"container\" data-e-type=\"container\">\n\t\t\t\t<div class=\"elementor-element elementor-element-9ecf672 elementor-widget elementor-widget-text-editor\" data-id=\"9ecf672\" data-element_type=\"widget\" data-e-type=\"widget\" data-widget_type=\"text-editor.default\">\n\t\t\t\t<div class=\"elementor-widget-container\">\n\t\t\t\t\t\t\t\t\tAs an independent company, we cover the entire value chain of real estate development: from the initial conceptual idea to the sale of the completed asset. Always with integrity and clear evaluation criteria: economic, ecological, and sociocultural.\t\t\t\t\t\t\t\t<\/div>\n\t\t\t\t<\/div>\n\t\t\t\t<div class=\"elementor-element elementor-element-5f1160d elementor-widget elementor-widget-text-editor\" data-id=\"5f1160d\" data-element_type=\"widget\" data-e-type=\"widget\" data-widget_type=\"text-editor.default\">\n\t\t\t\t<div class=\"elementor-widget-container\">\n\t\t\t\t\t\t\t\t\t<p>We treat our investors with the highest standards of transparency and trust. Constant personal communication, combined with our consistently pragmatic approach to solutions, we ensure reliable and long-term partnerships.<\/p>\t\t\t\t\t\t\t\t<\/div>\n\t\t\t\t<\/div>\n\t\t\t\t<div class=\"elementor-element elementor-element-ff91297 elementor-widget elementor-widget-spacer\" data-id=\"ff91297\" data-element_type=\"widget\" data-e-type=\"widget\" data-widget_type=\"spacer.default\">\n\t\t\t\t<div class=\"elementor-widget-container\">\n\t\t\t\t\t\t\t<div class=\"elementor-spacer\">\n\t\t\t<div class=\"elementor-spacer-inner\"><\/div>\n\t\t<\/div>\n\t\t\t\t\t\t<\/div>\n\t\t\t\t<\/div>\n\t\t\t\t<\/div>\n\t\t\t\t\t<\/div>\n\t\t\t\t<\/div>\n\t\t<div class=\"elementor-element elementor-element-45c6cab e-flex e-con-boxed e-con e-parent\" data-id=\"45c6cab\" data-element_type=\"container\" data-e-type=\"container\">\n\t\t\t\t\t<div class=\"e-con-inner\">\n\t\t<div class=\"elementor-element elementor-element-d378042 e-con-full hover_parent e-flex e-con e-child\" data-id=\"d378042\" data-element_type=\"container\" data-e-type=\"container\">\n\t\t<div class=\"elementor-element elementor-element-7bf0fa8 e-con-full e-flex e-con e-child\" data-id=\"7bf0fa8\" data-element_type=\"container\" data-e-type=\"container\">\n\t\t\t\t<div class=\"elementor-element elementor-element-f10f9d3 elementor-widget elementor-widget-heading\" data-id=\"f10f9d3\" data-element_type=\"widget\" data-e-type=\"widget\" data-widget_type=\"heading.default\">\n\t\t\t\t<div class=\"elementor-widget-container\">\n\t\t\t\t\t<h2 class=\"elementor-heading-title elementor-size-default\">From vision to mission<\/h2>\t\t\t\t<\/div>\n\t\t\t\t<\/div>\n\t\t\t\t<div class=\"elementor-element elementor-element-a5ce6b5 elementor-widget elementor-widget-spacer\" data-id=\"a5ce6b5\" data-element_type=\"widget\" data-e-type=\"widget\" data-widget_type=\"spacer.default\">\n\t\t\t\t<div class=\"elementor-widget-container\">\n\t\t\t\t\t\t\t<div class=\"elementor-spacer\">\n\t\t\t<div class=\"elementor-spacer-inner\"><\/div>\n\t\t<\/div>\n\t\t\t\t\t\t<\/div>\n\t\t\t\t<\/div>\n\t\t\t\t<div class=\"elementor-element elementor-element-de4f67a elementor-widget elementor-widget-text-editor\" data-id=\"de4f67a\" data-element_type=\"widget\" data-e-type=\"widget\" data-widget_type=\"text-editor.default\">\n\t\t\t\t<div class=\"elementor-widget-container\">\n\t\t\t\t\t\t\t\t\t<p>With fresh spirit, creative ideas, and excellent execution, we are changing the world for the better with our projects.<\/p><p>\u00a0<\/p><p>In doing so, we are always guided by the question of the long-term basis of existence and impact.<\/p><p>\u00a0<\/p><p>Our focus lies on selecting employees whose combination of expertise and willingness to take on responsibility leads to outstanding results.<\/p>\t\t\t\t\t\t\t\t<\/div>\n\t\t\t\t<\/div>\n\t\t\t\t<div class=\"elementor-element elementor-element-54a0816 elementor-widget elementor-widget-spacer\" data-id=\"54a0816\" data-element_type=\"widget\" data-e-type=\"widget\" data-widget_type=\"spacer.default\">\n\t\t\t\t<div class=\"elementor-widget-container\">\n\t\t\t\t\t\t\t<div class=\"elementor-spacer\">\n\t\t\t<div class=\"elementor-spacer-inner\"><\/div>\n\t\t<\/div>\n\t\t\t\t\t\t<\/div>\n\t\t\t\t<\/div>\n\t\t\t\t<\/div>\n\t\t<div class=\"elementor-element elementor-element-7e15f27 e-con-full e-flex e-con e-child\" data-id=\"7e15f27\" data-element_type=\"container\" data-e-type=\"container\">\n\t\t\t\t<div class=\"elementor-element elementor-element-c0f4edd hover_img elementor-widget elementor-widget-image\" data-id=\"c0f4edd\" data-element_type=\"widget\" data-e-type=\"widget\" data-widget_type=\"image.default\">\n\t\t\t\t<div class=\"elementor-widget-container\">\n\t\t\t\t\t\t\t\t\t\t\t\t\t\t\t<img decoding=\"async\" width=\"1500\" height=\"1590\" src=\"https:\/\/www.alfons-alfreda.com\/wp-content\/uploads\/2024\/06\/ueber_uns3-1.jpg\" class=\"attachment-large size-large wp-image-9632\" alt=\"\" srcset=\"https:\/\/www.alfons-alfreda.com\/wp-content\/uploads\/2024\/06\/ueber_uns3-1.jpg 1500w, https:\/\/www.alfons-alfreda.com\/wp-content\/uploads\/2024\/06\/ueber_uns3-1-966x1024.jpg 966w, https:\/\/www.alfons-alfreda.com\/wp-content\/uploads\/2024\/06\/ueber_uns3-1-768x814.jpg 768w, https:\/\/www.alfons-alfreda.com\/wp-content\/uploads\/2024\/06\/ueber_uns3-1-1449x1536.jpg 1449w, https:\/\/www.alfons-alfreda.com\/wp-content\/uploads\/2024\/06\/ueber_uns3-1-11x12.jpg 11w\" sizes=\"(max-width: 1500px) 100vw, 1500px\" style=\"width:100%;height:106%;max-width:1500px\" \/>\t\t\t\t\t\t\t\t\t\t\t\t\t\t\t<\/div>\n\t\t\t\t<\/div>\n\t\t\t\t<div class=\"elementor-element elementor-element-fdf0b8b elementor-widget elementor-widget-spacer\" data-id=\"fdf0b8b\" data-element_type=\"widget\" data-e-type=\"widget\" data-widget_type=\"spacer.default\">\n\t\t\t\t<div class=\"elementor-widget-container\">\n\t\t\t\t\t\t\t<div class=\"elementor-spacer\">\n\t\t\t<div class=\"elementor-spacer-inner\"><\/div>\n\t\t<\/div>\n\t\t\t\t\t\t<\/div>\n\t\t\t\t<\/div>\n\t\t\t\t<\/div>\n\t\t\t\t<\/div>\n\t\t\t\t\t<\/div>\n\t\t\t\t<\/div>\n\t\t\t\t<\/div>","protected":false},"excerpt":{"rendered":"<p>Was uns antreibt Unser Credo l\u00e4sst sich mit dem kulturellen Leitgestirn des ausgehenden 18.\u00a0Jahrhunderts beschreiben: f\u00fcr das Wahre, Sch\u00f6ne und Gute. Bei den Aspekten dieses Dreiklangs spielt f\u00fcr uns die Frage der langfristigen Relevanz des jeweiligen Projekts eine zentrale Rolle: Nur Projekte, die sich auf das Wesentliche konzentrieren &#8211; das Wirken und Wohlbefinden der Menschen&hellip; <a class=\"more-link\" href=\"https:\/\/www.alfons-alfreda.com\/en\/about-us\/\">Continue reading <span class=\"screen-reader-text\">\u00dcber uns<\/span><\/a><\/p>","protected":false},"author":1,"featured_media":0,"parent":0,"menu_order":0,"comment_status":"closed","ping_status":"closed","template":"elementor_header_footer","meta":{"_acf_changed":false,"inline_featured_image":false,"footnotes":""},"class_list":["post-8994","page","type-page","status-publish","hentry","entry"],"acf":[],"_links":{"self":[{"href":"https:\/\/www.alfons-alfreda.com\/en\/wp-json\/wp\/v2\/pages\/8994","targetHints":{"allow":["GET"]}}],"collection":[{"href":"https:\/\/www.alfons-alfreda.com\/en\/wp-json\/wp\/v2\/pages"}],"about":[{"href":"https:\/\/www.alfons-alfreda.com\/en\/wp-json\/wp\/v2\/types\/page"}],"author":[{"embeddable":true,"href":"https:\/\/www.alfons-alfreda.com\/en\/wp-json\/wp\/v2\/users\/1"}],"replies":[{"embeddable":true,"href":"https:\/\/www.alfons-alfreda.com\/en\/wp-json\/wp\/v2\/comments?post=8994"}],"version-history":[{"count":27,"href":"https:\/\/www.alfons-alfreda.com\/en\/wp-json\/wp\/v2\/pages\/8994\/revisions"}],"predecessor-version":[{"id":12969,"href":"https:\/\/www.alfons-alfreda.com\/en\/wp-json\/wp\/v2\/pages\/8994\/revisions\/12969"}],"wp:attachment":[{"href":"https:\/\/www.alfons-alfreda.com\/en\/wp-json\/wp\/v2\/media?parent=8994"}],"curies":[{"name":"wp","href":"https:\/\/api.w.org\/{rel}","templated":true}]}}