{"id":2398,"date":"2023-12-20T17:16:15","date_gmt":"2023-12-20T16:16:15","guid":{"rendered":"https:\/\/www.alfons-alfreda.com\/2024\/?page_id=2398"},"modified":"2025-08-27T09:32:56","modified_gmt":"2025-08-27T07:32:56","slug":"legal-notice","status":"publish","type":"page","link":"https:\/\/www.alfons-alfreda.com\/en\/legal-notice\/","title":{"rendered":"Legal notice"},"content":{"rendered":"<div data-elementor-type=\"wp-page\" data-elementor-id=\"2398\" class=\"elementor elementor-2398\" data-elementor-post-type=\"page\">\n\t\t\t\t<div class=\"elementor-element elementor-element-7e646d1 e-flex e-con-boxed e-con e-parent\" data-id=\"7e646d1\" data-element_type=\"container\" data-e-type=\"container\">\n\t\t\t\t\t<div class=\"e-con-inner\">\n\t\t\t\t\t<\/div>\n\t\t\t\t<\/div>\n\t\t<div class=\"elementor-element elementor-element-3edfce9 e-flex e-con-boxed e-con e-parent\" data-id=\"3edfce9\" data-element_type=\"container\" data-e-type=\"container\">\n\t\t\t\t\t<div class=\"e-con-inner\">\n\t\t<div class=\"elementor-element elementor-element-9c9bcf6 e-flex e-con-boxed e-con e-child\" data-id=\"9c9bcf6\" data-element_type=\"container\" data-e-type=\"container\">\n\t\t\t\t\t<div class=\"e-con-inner\">\n\t\t\t\t<div class=\"elementor-element elementor-element-2a34a10 elementor-widget elementor-widget-spacer\" data-id=\"2a34a10\" data-element_type=\"widget\" data-e-type=\"widget\" data-widget_type=\"spacer.default\">\n\t\t\t\t<div class=\"elementor-widget-container\">\n\t\t\t\t\t\t\t<div class=\"elementor-spacer\">\n\t\t\t<div class=\"elementor-spacer-inner\"><\/div>\n\t\t<\/div>\n\t\t\t\t\t\t<\/div>\n\t\t\t\t<\/div>\n\t\t\t\t<div class=\"elementor-element elementor-element-472aea1 elementor-widget elementor-widget-heading\" data-id=\"472aea1\" data-element_type=\"widget\" data-e-type=\"widget\" data-widget_type=\"heading.default\">\n\t\t\t\t<div class=\"elementor-widget-container\">\n\t\t\t\t\t<h2 class=\"elementor-heading-title elementor-size-default\">Legal notice<\/h2>\t\t\t\t<\/div>\n\t\t\t\t<\/div>\n\t\t\t\t<div class=\"elementor-element elementor-element-9f6fb3b elementor-widget elementor-widget-spacer\" data-id=\"9f6fb3b\" data-element_type=\"widget\" data-e-type=\"widget\" data-widget_type=\"spacer.default\">\n\t\t\t\t<div class=\"elementor-widget-container\">\n\t\t\t\t\t\t\t<div class=\"elementor-spacer\">\n\t\t\t<div class=\"elementor-spacer-inner\"><\/div>\n\t\t<\/div>\n\t\t\t\t\t\t<\/div>\n\t\t\t\t<\/div>\n\t\t\t\t<div class=\"elementor-element elementor-element-22df70b elementor-widget elementor-widget-heading\" data-id=\"22df70b\" data-element_type=\"widget\" data-e-type=\"widget\" data-widget_type=\"heading.default\">\n\t\t\t\t<div class=\"elementor-widget-container\">\n\t\t\t\t\t<h2 class=\"elementor-heading-title elementor-size-default\">Alfons &amp; alfreda AG<\/h2>\t\t\t\t<\/div>\n\t\t\t\t<\/div>\n\t\t\t\t<div class=\"elementor-element elementor-element-9ecc903 link_in_text elementor-widget elementor-widget-text-editor\" data-id=\"9ecc903\" data-element_type=\"widget\" data-e-type=\"widget\" data-widget_type=\"text-editor.default\">\n\t\t\t\t<div class=\"elementor-widget-container\">\n\t\t\t\t\t\t\t\t\t<p>Erkrather Stra\u00dfe 230, 40233 D\u00fcsseldorf<br \/>T +49 (0)\u200a211 97 63 41 90<br \/><a href=\"mailto:Aa@Alfons-alfreda.com\">Aa@Alfons-alfreda.com<\/a><br \/><br \/>Represented by the board member<br \/>Friedrich Weil<br \/><br \/>Supervisory Board<br \/>Volker Busse (Chairman)<br \/><br \/>D\u00fcsseldorf Local Court HRB 94625<\/p>\t\t\t\t\t\t\t\t<\/div>\n\t\t\t\t<\/div>\n\t\t\t\t<div class=\"elementor-element elementor-element-fdb5d86 elementor-widget elementor-widget-spacer\" data-id=\"fdb5d86\" data-element_type=\"widget\" data-e-type=\"widget\" data-widget_type=\"spacer.default\">\n\t\t\t\t<div class=\"elementor-widget-container\">\n\t\t\t\t\t\t\t<div class=\"elementor-spacer\">\n\t\t\t<div class=\"elementor-spacer-inner\"><\/div>\n\t\t<\/div>\n\t\t\t\t\t\t<\/div>\n\t\t\t\t<\/div>\n\t\t\t\t<div class=\"elementor-element elementor-element-1e74543 elementor-widget elementor-widget-heading\" data-id=\"1e74543\" data-element_type=\"widget\" data-e-type=\"widget\" data-widget_type=\"heading.default\">\n\t\t\t\t<div class=\"elementor-widget-container\">\n\t\t\t\t\t<h2 class=\"elementor-heading-title elementor-size-default\">Alfons &amp; alfreda Advisors GmbH<\/h2>\t\t\t\t<\/div>\n\t\t\t\t<\/div>\n\t\t\t\t<div class=\"elementor-element elementor-element-087a6a7 link_in_text elementor-widget elementor-widget-text-editor\" data-id=\"087a6a7\" data-element_type=\"widget\" data-e-type=\"widget\" data-widget_type=\"text-editor.default\">\n\t\t\t\t<div class=\"elementor-widget-container\">\n\t\t\t\t\t\t\t\t\t<p>Erkrather Stra\u00dfe 230, 40233 D\u00fcsseldorf<br \/>T +49 (0)\u200a211 97 63 41 90<br \/><a href=\"mailto:Aa@Alfons-alfreda.com\">Aa@Alfons-alfreda.com<\/a><br \/><br \/>Represented by the managing director<br \/>Friedrich Weil<br \/><br \/>Local court D\u00fcsseldorf HRB 94782<\/p>\t\t\t\t\t\t\t\t<\/div>\n\t\t\t\t<\/div>\n\t\t\t\t<div class=\"elementor-element elementor-element-a0ffa0d elementor-widget elementor-widget-spacer\" data-id=\"a0ffa0d\" data-element_type=\"widget\" data-e-type=\"widget\" data-widget_type=\"spacer.default\">\n\t\t\t\t<div class=\"elementor-widget-container\">\n\t\t\t\t\t\t\t<div class=\"elementor-spacer\">\n\t\t\t<div class=\"elementor-spacer-inner\"><\/div>\n\t\t<\/div>\n\t\t\t\t\t\t<\/div>\n\t\t\t\t<\/div>\n\t\t\t\t<div class=\"elementor-element elementor-element-86d9c91 simple_text elementor-widget elementor-widget-text-editor\" data-id=\"86d9c91\" data-element_type=\"widget\" data-e-type=\"widget\" data-widget_type=\"text-editor.default\">\n\t\t\t\t<div class=\"elementor-widget-container\">\n\t\t\t\t\t\t\t\t\tAll information on this website has been carefully compiled and checked. Nevertheless, no liability is assumed for the completeness and accuracy of the information. Alfons &amp; alfreda AG may remove, supplement or replace information without prior notice.\t\t\t\t\t\t\t\t<\/div>\n\t\t\t\t<\/div>\n\t\t\t\t\t<\/div>\n\t\t\t\t<\/div>\n\t\t\t\t\t<\/div>\n\t\t\t\t<\/div>\n\t\t<div class=\"elementor-element elementor-element-c0a77a1 elementor-hidden-desktop elementor-hidden-tablet elementor-hidden-mobile e-flex e-con-boxed e-con e-parent\" data-id=\"c0a77a1\" data-element_type=\"container\" data-e-type=\"container\" data-settings=\"{&quot;background_background&quot;:&quot;classic&quot;}\">\n\t\t\t\t\t<div class=\"e-con-inner\">\n\t\t<div class=\"elementor-element elementor-element-5861988 e-con-full hover_parent e-flex e-con e-child\" data-id=\"5861988\" data-element_type=\"container\" data-e-type=\"container\">\n\t\t\t\t<div class=\"elementor-element elementor-element-2dd1126 hover_img elementor-widget elementor-widget-image\" data-id=\"2dd1126\" data-element_type=\"widget\" data-e-type=\"widget\" data-widget_type=\"image.default\">\n\t\t\t\t<div class=\"elementor-widget-container\">\n\t\t\t\t\t\t\t\t\t\t\t\t\t\t\t<img fetchpriority=\"high\" decoding=\"async\" width=\"1920\" height=\"483\" src=\"https:\/\/www.alfons-alfreda.com\/wp-content\/uploads\/2023\/12\/thewid_banner.jpg\" class=\"attachment-full size-full wp-image-1151\" alt=\"\" srcset=\"https:\/\/www.alfons-alfreda.com\/wp-content\/uploads\/2023\/12\/thewid_banner.jpg 1920w, https:\/\/www.alfons-alfreda.com\/wp-content\/uploads\/2023\/12\/thewid_banner-1024x258.jpg 1024w, https:\/\/www.alfons-alfreda.com\/wp-content\/uploads\/2023\/12\/thewid_banner-768x193.jpg 768w, https:\/\/www.alfons-alfreda.com\/wp-content\/uploads\/2023\/12\/thewid_banner-1536x386.jpg 1536w, https:\/\/www.alfons-alfreda.com\/wp-content\/uploads\/2023\/12\/thewid_banner-18x5.jpg 18w, https:\/\/www.alfons-alfreda.com\/wp-content\/uploads\/2023\/12\/thewid_banner-1568x394.jpg 1568w\" sizes=\"(max-width: 1920px) 100vw, 1920px\" style=\"width:100%;height:25.16%;max-width:1920px\" \/>\t\t\t\t\t\t\t\t\t\t\t\t\t\t\t<\/div>\n\t\t\t\t<\/div>\n\t\t\t\t<\/div>\n\t\t\t\t\t<\/div>\n\t\t\t\t<\/div>\n\t\t\t\t<\/div>","protected":false},"excerpt":{"rendered":"<p>Impressum Alfons &#038; alfreda AG Erkrather Stra\u00dfe 230, 40233 D\u00fcsseldorfT +49 (0)\u200a211 97 63 41 90Aa@Alfons-alfreda.com Vertreten durch Ihren VorstandFriedrich Weil AufsichtsratVolker Busse (Vorsitzender) Amtsgericht D\u00fcsseldorf HRB 94625 Alfons &#038; alfreda Advisors GmbH Erkrather Stra\u00dfe 230, 40233 D\u00fcsseldorfT +49 (0)\u200a211 97 63 41 90Aa@Alfons-alfreda.com Vertreten durch Ihren Gesch\u00e4ftsf\u00fchrerFriedrich Weil Amtsgericht D\u00fcsseldorf HRB 94782 Alle Informationen&hellip; <a class=\"more-link\" href=\"https:\/\/www.alfons-alfreda.com\/en\/legal-notice\/\">Continue reading <span class=\"screen-reader-text\">Legal notice<\/span><\/a><\/p>","protected":false},"author":1,"featured_media":0,"parent":0,"menu_order":0,"comment_status":"closed","ping_status":"closed","template":"elementor_header_footer","meta":{"_acf_changed":false,"inline_featured_image":false,"footnotes":""},"class_list":["post-2398","page","type-page","status-publish","hentry","entry"],"acf":[],"_links":{"self":[{"href":"https:\/\/www.alfons-alfreda.com\/en\/wp-json\/wp\/v2\/pages\/2398","targetHints":{"allow":["GET"]}}],"collection":[{"href":"https:\/\/www.alfons-alfreda.com\/en\/wp-json\/wp\/v2\/pages"}],"about":[{"href":"https:\/\/www.alfons-alfreda.com\/en\/wp-json\/wp\/v2\/types\/page"}],"author":[{"embeddable":true,"href":"https:\/\/www.alfons-alfreda.com\/en\/wp-json\/wp\/v2\/users\/1"}],"replies":[{"embeddable":true,"href":"https:\/\/www.alfons-alfreda.com\/en\/wp-json\/wp\/v2\/comments?post=2398"}],"version-history":[{"count":9,"href":"https:\/\/www.alfons-alfreda.com\/en\/wp-json\/wp\/v2\/pages\/2398\/revisions"}],"predecessor-version":[{"id":12774,"href":"https:\/\/www.alfons-alfreda.com\/en\/wp-json\/wp\/v2\/pages\/2398\/revisions\/12774"}],"wp:attachment":[{"href":"https:\/\/www.alfons-alfreda.com\/en\/wp-json\/wp\/v2\/media?parent=2398"}],"curies":[{"name":"wp","href":"https:\/\/api.w.org\/{rel}","templated":true}]}}